{"id":994,"date":"2021-03-17T09:32:10","date_gmt":"2021-03-17T09:32:10","guid":{"rendered":"https:\/\/groupmongastronomic.com\/?post_type=product&#038;p=994"},"modified":"2021-03-17T09:52:20","modified_gmt":"2021-03-17T09:52:20","slug":"box-basic-dia-del-padre","status":"publish","type":"product","link":"https:\/\/groupmongastronomic.com\/index.php\/producto\/box-basic-dia-del-padre\/","title":{"rendered":"Box Basic d\u00eda del Padre"},"content":{"rendered":"<p>El BOX &#8211; BASIC D\u00cdA DEL PADRE contiene:<\/p>\n<ul>\n<li>Zumos naturales Bombones de fresa natural<\/li>\n<li>Cookie grande<\/li>\n<li>Jam\u00f3n ib\u00e9rico<\/li>\n<li>Tomates ecol\u00f3gicos<\/li>\n<li>Bollo de pan<\/li>\n<li>Aceite de oliva<\/li>\n<li>Reposter\u00eda delicatessen<\/li>\n<li>Vasito de fruta fresca y gominolas veganas<\/li>\n<\/ul>\n","protected":false},"excerpt":{"rendered":"<p>El BOX &#8211; BASIC D\u00cdA DEL PADRE contiene: Zumos naturales Bombones de fresa natural Cookie grande Jam\u00f3n ib\u00e9rico Tomates ecol\u00f3gicos Bollo de pan Aceite de oliva Reposter\u00eda delicatessen Vasito de fruta fresca y gominolas veganas<\/p>\n","protected":false},"featured_media":985,"comment_status":"open","ping_status":"closed","template":"","meta":{"_et_pb_use_builder":"","_et_pb_old_content":"","_et_gb_content_width":""},"product_brand":[],"product_cat":[85,86],"product_tag":[],"class_list":{"0":"post-994","1":"product","2":"type-product","3":"status-publish","4":"has-post-thumbnail","6":"product_cat-dia-del-padre","7":"product_cat-regalo-para-el-padre","9":"first","10":"instock","11":"shipping-taxable","12":"purchasable","13":"product-type-simple"},"aioseo_notices":[],"_links":{"self":[{"href":"https:\/\/groupmongastronomic.com\/index.php\/wp-json\/wp\/v2\/product\/994","targetHints":{"allow":["GET"]}}],"collection":[{"href":"https:\/\/groupmongastronomic.com\/index.php\/wp-json\/wp\/v2\/product"}],"about":[{"href":"https:\/\/groupmongastronomic.com\/index.php\/wp-json\/wp\/v2\/types\/product"}],"replies":[{"embeddable":true,"href":"https:\/\/groupmongastronomic.com\/index.php\/wp-json\/wp\/v2\/comments?post=994"}],"wp:featuredmedia":[{"embeddable":true,"href":"https:\/\/groupmongastronomic.com\/index.php\/wp-json\/wp\/v2\/media\/985"}],"wp:attachment":[{"href":"https:\/\/groupmongastronomic.com\/index.php\/wp-json\/wp\/v2\/media?parent=994"}],"wp:term":[{"taxonomy":"product_brand","embeddable":true,"href":"https:\/\/groupmongastronomic.com\/index.php\/wp-json\/wp\/v2\/product_brand?post=994"},{"taxonomy":"product_cat","embeddable":true,"href":"https:\/\/groupmongastronomic.com\/index.php\/wp-json\/wp\/v2\/product_cat?post=994"},{"taxonomy":"product_tag","embeddable":true,"href":"https:\/\/groupmongastronomic.com\/index.php\/wp-json\/wp\/v2\/product_tag?post=994"}],"curies":[{"name":"wp","href":"https:\/\/api.w.org\/{rel}","templated":true}]}}