{"id":551,"date":"2020-09-22T16:34:30","date_gmt":"2020-09-22T16:34:30","guid":{"rendered":"https:\/\/groupmongastronomic.com\/?post_type=product&#038;p=551"},"modified":"2020-09-22T16:37:09","modified_gmt":"2020-09-22T16:37:09","slug":"taller-de-panellets-nino-a-adulto","status":"publish","type":"product","link":"https:\/\/groupmongastronomic.com\/index.php\/producto\/taller-de-panellets-nino-a-adulto\/","title":{"rendered":"Taller de Panellets (ni\u00f1o\/a + adulto)"},"content":{"rendered":"","protected":false},"excerpt":{"rendered":"<p>Un postre delicioso que os encantar\u00e1 elaborarlo con los m\u00e1s peque\u00f1os de la casa. Los tradicionales panellets no pueden faltar en \u00a0este d\u00eda tan especial. Ven a nuestro taller y aprende a elaborarlos.<\/p>\n","protected":false},"featured_media":520,"comment_status":"open","ping_status":"closed","template":"","meta":{"_et_pb_use_builder":"","_et_pb_old_content":"","_et_gb_content_width":""},"product_brand":[],"product_cat":[15,55],"product_tag":[],"class_list":{"0":"post-551","1":"product","2":"type-product","3":"status-publish","4":"has-post-thumbnail","6":"product_cat-sin-categorizar","7":"product_cat-taller-de-panellets","9":"first","10":"instock","11":"downloadable","12":"shipping-taxable","13":"purchasable","14":"product-type-simple"},"aioseo_notices":[],"_links":{"self":[{"href":"https:\/\/groupmongastronomic.com\/index.php\/wp-json\/wp\/v2\/product\/551","targetHints":{"allow":["GET"]}}],"collection":[{"href":"https:\/\/groupmongastronomic.com\/index.php\/wp-json\/wp\/v2\/product"}],"about":[{"href":"https:\/\/groupmongastronomic.com\/index.php\/wp-json\/wp\/v2\/types\/product"}],"replies":[{"embeddable":true,"href":"https:\/\/groupmongastronomic.com\/index.php\/wp-json\/wp\/v2\/comments?post=551"}],"wp:featuredmedia":[{"embeddable":true,"href":"https:\/\/groupmongastronomic.com\/index.php\/wp-json\/wp\/v2\/media\/520"}],"wp:attachment":[{"href":"https:\/\/groupmongastronomic.com\/index.php\/wp-json\/wp\/v2\/media?parent=551"}],"wp:term":[{"taxonomy":"product_brand","embeddable":true,"href":"https:\/\/groupmongastronomic.com\/index.php\/wp-json\/wp\/v2\/product_brand?post=551"},{"taxonomy":"product_cat","embeddable":true,"href":"https:\/\/groupmongastronomic.com\/index.php\/wp-json\/wp\/v2\/product_cat?post=551"},{"taxonomy":"product_tag","embeddable":true,"href":"https:\/\/groupmongastronomic.com\/index.php\/wp-json\/wp\/v2\/product_tag?post=551"}],"curies":[{"name":"wp","href":"https:\/\/api.w.org\/{rel}","templated":true}]}}