{"id":528,"date":"2020-09-22T16:18:43","date_gmt":"2020-09-22T16:18:43","guid":{"rendered":"https:\/\/groupmongastronomic.com\/?post_type=product&#038;p=528"},"modified":"2020-09-22T17:00:18","modified_gmt":"2020-09-22T17:00:18","slug":"taller-de-cocina-arabe","status":"publish","type":"product","link":"https:\/\/groupmongastronomic.com\/index.php\/producto\/taller-de-cocina-arabe\/","title":{"rendered":"Taller de cocina \u00e1rabe"},"content":{"rendered":"<p>\u00bfTe gustar\u00eda aprender excelentes platos de la cocina \u00e1rabe? Ap\u00fantate y disfruta de este taller donde aprender\u00e1s a utilizar especies como el curry, azafr\u00e1n, c\u00farcuma etc&#8230;<\/p>\n","protected":false},"excerpt":{"rendered":"<p>Taller de cocina \u00e1rabe<\/p>\n","protected":false},"featured_media":518,"comment_status":"open","ping_status":"closed","template":"","meta":{"_et_pb_use_builder":"","_et_pb_old_content":"","_et_gb_content_width":""},"product_brand":[],"product_cat":[26,52],"product_tag":[],"class_list":{"0":"post-528","1":"product","2":"type-product","3":"status-publish","4":"has-post-thumbnail","6":"product_cat-en-grupo","7":"product_cat-taller-cocina-arabe","9":"first","10":"instock","11":"downloadable","12":"shipping-taxable","13":"purchasable","14":"product-type-simple"},"aioseo_notices":[],"_links":{"self":[{"href":"https:\/\/groupmongastronomic.com\/index.php\/wp-json\/wp\/v2\/product\/528","targetHints":{"allow":["GET"]}}],"collection":[{"href":"https:\/\/groupmongastronomic.com\/index.php\/wp-json\/wp\/v2\/product"}],"about":[{"href":"https:\/\/groupmongastronomic.com\/index.php\/wp-json\/wp\/v2\/types\/product"}],"replies":[{"embeddable":true,"href":"https:\/\/groupmongastronomic.com\/index.php\/wp-json\/wp\/v2\/comments?post=528"}],"wp:featuredmedia":[{"embeddable":true,"href":"https:\/\/groupmongastronomic.com\/index.php\/wp-json\/wp\/v2\/media\/518"}],"wp:attachment":[{"href":"https:\/\/groupmongastronomic.com\/index.php\/wp-json\/wp\/v2\/media?parent=528"}],"wp:term":[{"taxonomy":"product_brand","embeddable":true,"href":"https:\/\/groupmongastronomic.com\/index.php\/wp-json\/wp\/v2\/product_brand?post=528"},{"taxonomy":"product_cat","embeddable":true,"href":"https:\/\/groupmongastronomic.com\/index.php\/wp-json\/wp\/v2\/product_cat?post=528"},{"taxonomy":"product_tag","embeddable":true,"href":"https:\/\/groupmongastronomic.com\/index.php\/wp-json\/wp\/v2\/product_tag?post=528"}],"curies":[{"name":"wp","href":"https:\/\/api.w.org\/{rel}","templated":true}]}}